{"id":1835,"date":"2023-05-17T18:02:15","date_gmt":"2023-05-17T17:02:15","guid":{"rendered":"https:\/\/www.melialisboaoriente.com\/memorias-expo\/privacy-policy\/"},"modified":"2023-05-18T09:53:55","modified_gmt":"2023-05-18T08:53:55","slug":"politica-de-privacidade","status":"publish","type":"page","link":"https:\/\/www.melialisboaoriente.com\/memorias-expo\/politica-de-privacidade\/","title":{"rendered":"Pol\u00edtica de privacidade"},"content":{"rendered":"\n<p>O objetivo da presente Pol\u00edtica de Privacidade \u00e9 que os Utilizadores sejam informados sobre o tratamento de dados pessoais das pessoas que contactem a Hoti Hot\u00e9is no \u00e2mbito da utiliza\u00e7\u00e3o do presente WEBSITE.<\/p>\n\n\n\n<p>A presente Pol\u00edtica de Privacidade aplica-se \u00e0 recolha de dados pessoais realizada atrav\u00e9s do WEBSITE, emails, servi\u00e7os de mensagens eletr\u00f3nicas ou presenciais.<\/p>\n\n\n\n<p>A Hoti Hot\u00e9is facultar\u00e1 o acesso \u00e0 presente Pol\u00edtica de Privacidade antes de proceder \u00e0 recolha de quaisquer dados pessoais ou, se for o caso, no momento da primeira comunica\u00e7\u00e3o com as partes interessadas correspondentes.<\/p>\n\n\n\n<p>A Hoti Hot\u00e9is est\u00e1 empenhada em proteger a seguran\u00e7a e privacidade dos Utilizadores. Neste contexto, elaborou a presente Pol\u00edtica de Privacidade, com a finalidade de afirmar o seu compromisso e respeito para com as regras de privacidade e de prote\u00e7\u00e3o de dados pessoais. Pretendemos que os nossos Clientes conhe\u00e7am as regras gerais de privacidade e os termos de tratamento dos dados que recolhemos, no estrito respeito e cumprimento da legisla\u00e7\u00e3o aplic\u00e1vel neste \u00e2mbito, nomeadamente do Regulamento (UE) 2016\/679 do Parlamento Europeu e do Conselho, de 27 de abril de 2016 (\u201cRegulamento Geral sobre a Prote\u00e7\u00e3o de Dados\u201d).<\/p>\n\n\n\n<p><strong>Dados Pessoais<\/strong><strong><\/strong><\/p>\n\n\n\n<p>Entende-se por dados pessoais qualquer informa\u00e7\u00e3o, de qualquer natureza e independentemente do respetivo suporte, incluindo som e imagem, relativa a uma pessoa singular identificada ou identific\u00e1vel (titular dos dados). \u00c9 considerada identific\u00e1vel a pessoa que possa ser identificada direta ou indiretamente, designadamente por refer\u00eancia a um n\u00famero de identifica\u00e7\u00e3o ou a mais elementos espec\u00edficos da sua identidade f\u00edsica, fisiol\u00f3gica, ps\u00edquica, econ\u00f3mica, cultural ou social.<\/p>\n\n\n\n<p><strong>Identidade e dados do respons\u00e1vel<\/strong><strong><\/strong><\/p>\n\n\n\n<p>A HOTI ORIENTE &#8211; HOT\u00c9IS S.A. (doravante \u201cHoti Hot\u00e9is\u201d) \u00e9 a respons\u00e1vel pelo tratamento dos dados pessoais recolhidos, tendo a sua social na Av. da Rep\u00fablica, 85-1 esq\u00ba, Lisboa, tendo o n\u00famero de identifica\u00e7\u00e3o de pessoa coletiva 503810061 e encontrando-se registada no Registo Comercial de Lisboa.<\/p>\n\n\n\n<p>Para uma gest\u00e3o adequada do tratamento dos seus dados pessoais, a Hoti Hot\u00e9is designou um respons\u00e1vel de Prote\u00e7\u00e3o de Dados que poder\u00e1 contactar sempre que necess\u00e1rio para qualquer esclarecimento atrav\u00e9s do endere\u00e7o de correio eletr\u00f3nico&nbsp;dadospessoais@hotihoteis.com.<\/p>\n\n\n\n<p>Para qualquer assunto relacionado com o tratamento dos seus dados pessoais, incluindo o exerc\u00edcio dos direitos reconhecidos pela regulamenta\u00e7\u00e3o aplic\u00e1vel, poder\u00e1 contactar o seguinte endere\u00e7o de correio eletr\u00f3nico: <a href=\"mailto:dadospessoais@hotihoteis.com\">dadospessoais@hotihoteis.com<\/a> .<\/p>\n\n\n\n<p><strong>Finalidade e base jur\u00eddica do tratamento<\/strong><strong><\/strong><\/p>\n\n\n\n<p>A Hoti Hot\u00e9is ir\u00e1 proceder ao tratamento dos seus dados pessoais para os fins e de acordo com as bases jur\u00eddicas que de seguida se especificam, as quais incluem o leg\u00edtimo interesse por partes dos titulares dos dados nos casos devidamente identificados:<\/p>\n\n\n\n<figure class=\"wp-block-table\"><table><tbody><tr><td><strong>Finalidade<\/strong><\/td><td><strong>Base Jur\u00eddica<\/strong><\/td><\/tr><tr><td>Disponibilizar informa\u00e7\u00f5es quando tal seja solicitado pelo titular dos dados atrav\u00e9s dos canais disponibilizados pela Hoti Hot\u00e9is.<br><br>Comunica\u00e7\u00e3o no \u00e2mbito de uma eventual utiliza\u00e7\u00e3o indevida material protegido por direitos de autor.\u00a0\u00a0\u00a0\u00a0\u00a0\u00a0\u00a0\u00a0\u00a0\u00a0\u00a0\u00a0\u00a0\u00a0\u00a0\u00a0\u00a0\u00a0\u00a0\u00a0\u00a0\u00a0\u00a0\u00a0\u00a0\u00a0\u00a0\u00a0\u00a0\u00a0\u00a0\u00a0\u00a0\u00a0<\/td><td>O leg\u00edtimo interesse da Hoti Hot\u00e9is, a Respons\u00e1vel pelo tratamento, em comunicar aos titulares dos dados as \u200b\u200binforma\u00e7\u00f5es solicitadas.<br><br>A Respons\u00e1vel pelo tratamento tem um interesse legitimo em em cumprir todas as leis e regulamentos aplic\u00e1veis relativos a direitos de autor e direitos de propriedade intelectual.<\/td><\/tr><\/tbody><\/table><\/figure>\n\n\n\n<p><strong>Que dados pessoais recolhemos?<\/strong><strong><\/strong><\/p>\n\n\n\n<p>Para o cumprimento das finalidades <em>supra<\/em> descritas a Hoti Hot\u00e9is recolhe e trata as seguintes categorias de dados pessoais:<\/p>\n\n\n\n<p>\u2022 Dados de identifica\u00e7\u00e3o e \/ ou contato.<\/p>\n\n\n\n<p><strong>Elabora\u00e7\u00e3o de Perfis<\/strong><strong><\/strong><\/p>\n\n\n\n<p>A Hoti Hot\u00e9is n\u00e3o trata os dados pessoais com a finalidade de desenvolver perfis de utilizadores.<\/p>\n\n\n\n<p>Os titulares dos dados n\u00e3o se encontram sujeitos a decis\u00f5es baseadas apenas no tratamento automatizado de seus dados pessoais.<\/p>\n\n\n\n<p><strong>Dados de menores<\/strong><strong><\/strong><\/p>\n\n\n\n<p>A Hoti Hot\u00e9is n\u00e3o recolhe dados pessoais de menores de forma direta ou presencial.<\/p>\n\n\n\n<p><strong>Como obtemos os seus dados pessoais?<\/strong><strong><\/strong><\/p>\n\n\n\n<p>A Hoti Hot\u00e9is poder\u00e1 solicitar e obter os seus dados pessoais atrav\u00e9s do WEBSITE e e-mail.<\/p>\n\n\n\n<p><strong>Com quem compartilhamos os seus dados?<\/strong><strong><\/strong><\/p>\n\n\n\n<p>A Hoti Hot\u00e9is n\u00e3o proceder\u00e1 \u00e0 partilha de dados pessoais.<\/p>\n\n\n\n<p><strong>Transfer\u00eancias internacionais<\/strong><strong><\/strong><\/p>\n\n\n\n<p>A Hoti Hot\u00e9is n\u00e3o realiza transfer\u00eancias de dados pessoais para fora do territ\u00f3rio da Uni\u00e3o Europeia.<\/p>\n\n\n\n<p><strong>Direitos dos interessados<\/strong><strong><\/strong><\/p>\n\n\n\n<p>Ter\u00e1 o direito de controlar os dados pessoais recolhidos pela Hoti Hot\u00e9is, por meio do exerc\u00edcio dos seguintes direitos:<\/p>\n\n\n\n<p>a) <strong>Acesso<\/strong>: poder\u00e1 obter a confirma\u00e7\u00e3o do tratamento dos seus dados por parte da Hoti Hot\u00e9is , incluindo informa\u00e7\u00f5es sobre os fins do tratamento, as categorias dos dados em quest\u00e3o, os destinat\u00e1rios a quem dados pessoais foram comunicados, os prazos ou crit\u00e9rios para a conserva\u00e7\u00e3o de suas informa\u00e7\u00f5es e, se for o caso, a origem dos dados. Em tais casos tem igualmente o direito de obter uma c\u00f3pia desses dados.<\/p>\n\n\n\n<p>b) <strong>Retifica\u00e7\u00e3o<\/strong>: poder\u00e1 solicitar a retifica\u00e7\u00e3o dos seus dados pessoais se estiverem incorretos ou para completar os mesmos, se for esse o caso.<\/p>\n\n\n\n<p>c) <strong>Elimina\u00e7\u00e3o<\/strong>: poder\u00e1 solicitar a elimina\u00e7\u00e3o dos seus dados pessoais quando as condi\u00e7\u00f5es legalmente previstas estejam reunidas e, em particular, quando estes j\u00e1 n\u00e3o sejam necess\u00e1rios para os fins para os quais foram recolhidos.<\/p>\n\n\n\n<p>d) <strong>Limita\u00e7\u00e3o:<\/strong> poder\u00e1 solicitar a limita\u00e7\u00e3o do tratamento dos seus dados quando estes sejam guardados para o exerc\u00edcio de outros direitos ou enquanto estiver a ser discutido a sua veracidade ou as raz\u00f5es pelas quais foi comunicada a oposi\u00e7\u00e3o ao tratamento destes.<\/p>\n\n\n\n<p>e) <strong>Portabilidade<\/strong>: poder\u00e1 solicitar a portabilidade dos seus dados a outro respons\u00e1vel desde que cumpridas as condi\u00e7\u00f5es necess\u00e1rias.<\/p>\n\n\n\n<p>f) <strong>Oposi\u00e7\u00e3o<\/strong>: em determinadas circunst\u00e2ncias e por motivos relacionados com a sua situa\u00e7\u00e3o particular, pode opor-se ao tratamento dos seus dados.<\/p>\n\n\n\n<p>Poder\u00e1 exercer seus direitos, gratuitamente, atrav\u00e9s dos seguintes meios e com os seguintes requisitos:<\/p>\n\n\n\n<p>\u2022 Pedido eletr\u00f3nico, mediante requerimento dirigido para o e-mail <a href=\"mailto:dadospessoais@hotihoteis.com\">dadospessoais@hotihoteis.com<\/a>.. Assunto: Prote\u00e7\u00e3o de dados.<\/p>\n\n\n\n<p>A Hoti Hot\u00e9is responder\u00e1 no prazo m\u00e1ximo de um m\u00eas a contar desde a rece\u00e7\u00e3o do requerimento e, em casos excecionais, o prazo poder\u00e1 inclusivamente ser ampliado por mais dois meses.<\/p>\n\n\n\n<p><strong>Por quanto tempo ser\u00e3o conservados os seus dados pessoais?<\/strong><strong><\/strong><\/p>\n\n\n\n<p>Os dados pessoais recolhidos ser\u00e3o conservados pela Hoti Hot\u00e9is de acordo com os seguintes crit\u00e9rios:<\/p>\n\n\n\n<p>\u2022 At\u00e9 6 meses, a contar da data em que solicitou informa\u00e7\u00f5es.<\/p>\n\n\n\n<p>\u2022 Os dados pessoais relativos a reclama\u00e7\u00f5es no \u00e2mbito de direitos de autor ou propriedade intelectual at\u00e9 2 anos ap\u00f3s a rece\u00e7\u00e3o da informa\u00e7\u00e3o relevante, por forma a habilitar a Hoti Hot\u00e9is a responder por qualquer responsabilidade.<\/p>\n\n\n\n<p>Os prazos indicados ser\u00e3o aplic\u00e1veis, sem preju\u00edzo de qualquer pedido de limita\u00e7\u00e3o do tratamento que os titulares dos dados possam comunicar \u00e0 Hoti Hot\u00e9is.<\/p>\n\n\n\n<p><strong>Reclama\u00e7\u00f5es<\/strong><strong><\/strong><\/p>\n\n\n\n<p>O titular tem o direito de apresentar uma reclama\u00e7\u00e3o \u00e0 Comiss\u00e3o Nacional de Prote\u00e7\u00e3o de Dados se n\u00e3o ficar satisfeito com a resposta dada ao pedido de exerc\u00edcio de algum dos seus direitos, ou se considerar que n\u00e3o prest\u00e1mos um tratamento adequado aos seus dados pessoais. Para mais informa\u00e7\u00f5es poder\u00e1 consultar o website https:\/\/www.cnpd.pt\/<\/p>\n\n\n\n<p><strong>Modifica\u00e7\u00f5es e atualiza\u00e7\u00f5es da pol\u00edtica de privacidade <\/strong><strong><\/strong><\/p>\n\n\n\n<p>A Hoti Hot\u00e9is poder\u00e1 modificar, ampliar, corrigir ou atualizar a presente Pol\u00edtica de Privacidade, a qualquer momento e sob sua total responsabilidade. Em todos os casos, publicaremos a data da \u00faltima atualiza\u00e7\u00e3o da presente pol\u00edtica. Podemos comunicar essas altera\u00e7\u00f5es atrav\u00e9s do nosso website ou atrav\u00e9s de e-mail caso o endere\u00e7o nos tenha sido disponibilizado.<\/p>\n\n\n\n<p><strong>\u00daltima atualiza\u00e7\u00e3o em 10 de Maio de 2023<\/strong><strong><\/strong><\/p>\n","protected":false},"excerpt":{"rendered":"<p>O objetivo da presente Pol\u00edtica de Privacidade \u00e9 que os Utilizadores sejam informados sobre o tratamento de dados pessoais das pessoas que contactem...","protected":false},"author":6,"featured_media":0,"parent":0,"menu_order":0,"comment_status":"closed","ping_status":"closed","template":"","meta":{"_eb_attr":"","footnotes":""},"class_list":["post-1835","page","type-page","status-publish","hentry"],"yoast_head":"<!-- This site is optimized with the Yoast SEO plugin v27.4 - https:\/\/yoast.com\/product\/yoast-seo-wordpress\/ -->\n<title>Pol\u00edtica de privacidade - Memoria Expo 98<\/title>\n<meta name=\"robots\" content=\"index, follow, max-snippet:-1, max-image-preview:large, max-video-preview:-1\" \/>\n<link rel=\"canonical\" href=\"https:\/\/www.melialisboaoriente.com\/memorias-expo\/politica-de-privacidade\/\" \/>\n<meta property=\"og:locale\" content=\"pt_PT\" \/>\n<meta property=\"og:type\" content=\"article\" \/>\n<meta property=\"og:title\" content=\"Pol\u00edtica de privacidade - Memoria Expo 98\" \/>\n<meta property=\"og:description\" content=\"O objetivo da presente Pol\u00edtica de Privacidade \u00e9 que os Utilizadores sejam informados sobre o tratamento de dados pessoais das pessoas que contactem a Hoti Hot\u00e9is no \u00e2mbito da utiliza\u00e7\u00e3o do presente WEBSITE. A presente Pol\u00edtica de Privacidade aplica-se \u00e0 recolha de dados pessoais realizada atrav\u00e9s do WEBSITE, emails, servi\u00e7os de mensagens eletr\u00f3nicas ou presenciais. [&hellip;]\" \/>\n<meta property=\"og:url\" content=\"https:\/\/www.melialisboaoriente.com\/memorias-expo\/politica-de-privacidade\/\" \/>\n<meta property=\"og:site_name\" content=\"Memoria Expo 98\" \/>\n<meta property=\"article:publisher\" content=\"https:\/\/www.facebook.com\/TrypLisboaOriente\" \/>\n<meta property=\"article:modified_time\" content=\"2023-05-18T08:53:55+00:00\" \/>\n<meta property=\"og:image\" content=\"https:\/\/www.melialisboaoriente.com\/memorias-expo\/wp-content\/uploads\/2015\/05\/Mascote_Vitor-Oliveira-Portuguese_eyes-web.jpg\" \/>\n\t<meta property=\"og:image:width\" content=\"1843\" \/>\n\t<meta property=\"og:image:height\" content=\"1235\" \/>\n\t<meta property=\"og:image:type\" content=\"image\/jpeg\" \/>\n<meta name=\"twitter:card\" content=\"summary_large_image\" \/>\n<meta name=\"twitter:label1\" content=\"Tempo estimado de leitura\" \/>\n\t<meta name=\"twitter:data1\" content=\"7 minutos\" \/>\n<script type=\"application\/ld+json\" class=\"yoast-schema-graph\">{\"@context\":\"https:\\\/\\\/schema.org\",\"@graph\":[{\"@type\":\"WebPage\",\"@id\":\"https:\\\/\\\/www.melialisboaoriente.com\\\/memorias-expo\\\/politica-de-privacidade\\\/\",\"url\":\"https:\\\/\\\/www.melialisboaoriente.com\\\/memorias-expo\\\/politica-de-privacidade\\\/\",\"name\":\"Pol\u00edtica de privacidade - Memoria Expo 98\",\"isPartOf\":{\"@id\":\"https:\\\/\\\/www.melialisboaoriente.com\\\/memorias-expo\\\/#website\"},\"datePublished\":\"2023-05-17T17:02:15+00:00\",\"dateModified\":\"2023-05-18T08:53:55+00:00\",\"breadcrumb\":{\"@id\":\"https:\\\/\\\/www.melialisboaoriente.com\\\/memorias-expo\\\/politica-de-privacidade\\\/#breadcrumb\"},\"inLanguage\":\"pt-PT\",\"potentialAction\":[{\"@type\":\"ReadAction\",\"target\":[\"https:\\\/\\\/www.melialisboaoriente.com\\\/memorias-expo\\\/politica-de-privacidade\\\/\"]}]},{\"@type\":\"BreadcrumbList\",\"@id\":\"https:\\\/\\\/www.melialisboaoriente.com\\\/memorias-expo\\\/politica-de-privacidade\\\/#breadcrumb\",\"itemListElement\":[{\"@type\":\"ListItem\",\"position\":1,\"name\":\"Home\",\"item\":\"https:\\\/\\\/www.melialisboaoriente.com\\\/memorias-expo\\\/\"},{\"@type\":\"ListItem\",\"position\":2,\"name\":\"Pol\u00edtica de privacidade\"}]},{\"@type\":\"WebSite\",\"@id\":\"https:\\\/\\\/www.melialisboaoriente.com\\\/memorias-expo\\\/#website\",\"url\":\"https:\\\/\\\/www.melialisboaoriente.com\\\/memorias-expo\\\/\",\"name\":\"Memoria Expo 98\",\"description\":\"by Tryp Lisboa Oriente\",\"publisher\":{\"@id\":\"https:\\\/\\\/www.melialisboaoriente.com\\\/memorias-expo\\\/#organization\"},\"potentialAction\":[{\"@type\":\"SearchAction\",\"target\":{\"@type\":\"EntryPoint\",\"urlTemplate\":\"https:\\\/\\\/www.melialisboaoriente.com\\\/memorias-expo\\\/?s={search_term_string}\"},\"query-input\":{\"@type\":\"PropertyValueSpecification\",\"valueRequired\":true,\"valueName\":\"search_term_string\"}}],\"inLanguage\":\"pt-PT\"},{\"@type\":\"Organization\",\"@id\":\"https:\\\/\\\/www.melialisboaoriente.com\\\/memorias-expo\\\/#organization\",\"name\":\"Memoria Expo 98\",\"url\":\"https:\\\/\\\/www.melialisboaoriente.com\\\/memorias-expo\\\/\",\"logo\":{\"@type\":\"ImageObject\",\"inLanguage\":\"pt-PT\",\"@id\":\"https:\\\/\\\/www.melialisboaoriente.com\\\/memorias-expo\\\/#\\\/schema\\\/logo\\\/image\\\/\",\"url\":\"https:\\\/\\\/www.melialisboaoriente.com\\\/memorias-expo\\\/wp-content\\\/uploads\\\/2023\\\/05\\\/logo_site_desktop_melia_lisboa_oriente.png\",\"contentUrl\":\"https:\\\/\\\/www.melialisboaoriente.com\\\/memorias-expo\\\/wp-content\\\/uploads\\\/2023\\\/05\\\/logo_site_desktop_melia_lisboa_oriente.png\",\"width\":193,\"height\":70,\"caption\":\"Memoria Expo 98\"},\"image\":{\"@id\":\"https:\\\/\\\/www.melialisboaoriente.com\\\/memorias-expo\\\/#\\\/schema\\\/logo\\\/image\\\/\"},\"sameAs\":[\"https:\\\/\\\/www.facebook.com\\\/TrypLisboaOriente\"]}]}<\/script>\n<!-- \/ Yoast SEO plugin. -->","yoast_head_json":{"title":"Pol\u00edtica de privacidade - Memoria Expo 98","robots":{"index":"index","follow":"follow","max-snippet":"max-snippet:-1","max-image-preview":"max-image-preview:large","max-video-preview":"max-video-preview:-1"},"canonical":"https:\/\/www.melialisboaoriente.com\/memorias-expo\/politica-de-privacidade\/","og_locale":"pt_PT","og_type":"article","og_title":"Pol\u00edtica de privacidade - Memoria Expo 98","og_description":"O objetivo da presente Pol\u00edtica de Privacidade \u00e9 que os Utilizadores sejam informados sobre o tratamento de dados pessoais das pessoas que contactem a Hoti Hot\u00e9is no \u00e2mbito da utiliza\u00e7\u00e3o do presente WEBSITE. A presente Pol\u00edtica de Privacidade aplica-se \u00e0 recolha de dados pessoais realizada atrav\u00e9s do WEBSITE, emails, servi\u00e7os de mensagens eletr\u00f3nicas ou presenciais. [&hellip;]","og_url":"https:\/\/www.melialisboaoriente.com\/memorias-expo\/politica-de-privacidade\/","og_site_name":"Memoria Expo 98","article_publisher":"https:\/\/www.facebook.com\/TrypLisboaOriente","article_modified_time":"2023-05-18T08:53:55+00:00","og_image":[{"width":1843,"height":1235,"url":"https:\/\/www.melialisboaoriente.com\/memorias-expo\/wp-content\/uploads\/2015\/05\/Mascote_Vitor-Oliveira-Portuguese_eyes-web.jpg","type":"image\/jpeg"}],"twitter_card":"summary_large_image","twitter_misc":{"Tempo estimado de leitura":"7 minutos"},"schema":{"@context":"https:\/\/schema.org","@graph":[{"@type":"WebPage","@id":"https:\/\/www.melialisboaoriente.com\/memorias-expo\/politica-de-privacidade\/","url":"https:\/\/www.melialisboaoriente.com\/memorias-expo\/politica-de-privacidade\/","name":"Pol\u00edtica de privacidade - Memoria Expo 98","isPartOf":{"@id":"https:\/\/www.melialisboaoriente.com\/memorias-expo\/#website"},"datePublished":"2023-05-17T17:02:15+00:00","dateModified":"2023-05-18T08:53:55+00:00","breadcrumb":{"@id":"https:\/\/www.melialisboaoriente.com\/memorias-expo\/politica-de-privacidade\/#breadcrumb"},"inLanguage":"pt-PT","potentialAction":[{"@type":"ReadAction","target":["https:\/\/www.melialisboaoriente.com\/memorias-expo\/politica-de-privacidade\/"]}]},{"@type":"BreadcrumbList","@id":"https:\/\/www.melialisboaoriente.com\/memorias-expo\/politica-de-privacidade\/#breadcrumb","itemListElement":[{"@type":"ListItem","position":1,"name":"Home","item":"https:\/\/www.melialisboaoriente.com\/memorias-expo\/"},{"@type":"ListItem","position":2,"name":"Pol\u00edtica de privacidade"}]},{"@type":"WebSite","@id":"https:\/\/www.melialisboaoriente.com\/memorias-expo\/#website","url":"https:\/\/www.melialisboaoriente.com\/memorias-expo\/","name":"Memoria Expo 98","description":"by Tryp Lisboa Oriente","publisher":{"@id":"https:\/\/www.melialisboaoriente.com\/memorias-expo\/#organization"},"potentialAction":[{"@type":"SearchAction","target":{"@type":"EntryPoint","urlTemplate":"https:\/\/www.melialisboaoriente.com\/memorias-expo\/?s={search_term_string}"},"query-input":{"@type":"PropertyValueSpecification","valueRequired":true,"valueName":"search_term_string"}}],"inLanguage":"pt-PT"},{"@type":"Organization","@id":"https:\/\/www.melialisboaoriente.com\/memorias-expo\/#organization","name":"Memoria Expo 98","url":"https:\/\/www.melialisboaoriente.com\/memorias-expo\/","logo":{"@type":"ImageObject","inLanguage":"pt-PT","@id":"https:\/\/www.melialisboaoriente.com\/memorias-expo\/#\/schema\/logo\/image\/","url":"https:\/\/www.melialisboaoriente.com\/memorias-expo\/wp-content\/uploads\/2023\/05\/logo_site_desktop_melia_lisboa_oriente.png","contentUrl":"https:\/\/www.melialisboaoriente.com\/memorias-expo\/wp-content\/uploads\/2023\/05\/logo_site_desktop_melia_lisboa_oriente.png","width":193,"height":70,"caption":"Memoria Expo 98"},"image":{"@id":"https:\/\/www.melialisboaoriente.com\/memorias-expo\/#\/schema\/logo\/image\/"},"sameAs":["https:\/\/www.facebook.com\/TrypLisboaOriente"]}]}},"_links":{"self":[{"href":"https:\/\/www.melialisboaoriente.com\/memorias-expo\/wp-json\/wp\/v2\/pages\/1835","targetHints":{"allow":["GET"]}}],"collection":[{"href":"https:\/\/www.melialisboaoriente.com\/memorias-expo\/wp-json\/wp\/v2\/pages"}],"about":[{"href":"https:\/\/www.melialisboaoriente.com\/memorias-expo\/wp-json\/wp\/v2\/types\/page"}],"author":[{"embeddable":true,"href":"https:\/\/www.melialisboaoriente.com\/memorias-expo\/wp-json\/wp\/v2\/users\/6"}],"replies":[{"embeddable":true,"href":"https:\/\/www.melialisboaoriente.com\/memorias-expo\/wp-json\/wp\/v2\/comments?post=1835"}],"version-history":[{"count":2,"href":"https:\/\/www.melialisboaoriente.com\/memorias-expo\/wp-json\/wp\/v2\/pages\/1835\/revisions"}],"predecessor-version":[{"id":1864,"href":"https:\/\/www.melialisboaoriente.com\/memorias-expo\/wp-json\/wp\/v2\/pages\/1835\/revisions\/1864"}],"wp:attachment":[{"href":"https:\/\/www.melialisboaoriente.com\/memorias-expo\/wp-json\/wp\/v2\/media?parent=1835"}],"curies":[{"name":"wp","href":"https:\/\/api.w.org\/{rel}","templated":true}]}}