{"id":1837,"date":"2023-05-17T18:05:26","date_gmt":"2023-05-17T17:05:26","guid":{"rendered":"https:\/\/www.melialisboaoriente.com\/memorias-expo\/?page_id=1837"},"modified":"2023-05-18T09:45:42","modified_gmt":"2023-05-18T08:45:42","slug":"termos-e-condicoes","status":"publish","type":"page","link":"https:\/\/www.melialisboaoriente.com\/memorias-expo\/termos-e-condicoes\/","title":{"rendered":"Termos e Condi\u00e7\u00f5es"},"content":{"rendered":"\n<p><strong>TERMOS E CONDI\u00c7\u00d5ES DE UTILIZA\u00c7\u00c3O<\/strong><\/p>\n\n\n\n<p>O website com o endere\u00e7o eletr\u00f3nico https:\/\/www.memoriaexpo98.com (o WEBSITE) foi elaborado pela HOTI ORIENTE &#8211; HOT\u00c9IS S.A. (doravante \u201cHoti Hot\u00e9is\u201d), com o fim de dar a conhecer aos utilizadores a hist\u00f3ria da EXPO&#8217;98, Exposi\u00e7\u00e3o Mundial de 1998, ou, oficialmente, Exposi\u00e7\u00e3o Internacional de Lisboa de 1998, o evento mais importante da hist\u00f3ria recente de Portugal cujo tema foi &#8220;Os oceanos: um patrim\u00f3nio para o futuro&#8221;, que se realizou em Lisboa de 22 de maio a 30 de setembro de 1998 e que teve o prop\u00f3sito de comemorar os 500 anos dos Descobrimentos Portugueses.<\/p>\n\n\n\n<p><strong>INFORMA\u00c7\u00d5ES GERAIS<\/strong><\/p>\n\n\n\n<p>A Hoti Hot\u00e9is tem a sua sede social na Av. da Rep\u00fablica, 85-1 esq\u00ba, Lisboa, tendo o n\u00famero de identifica\u00e7\u00e3o de pessoa coletiva 503810061 e encontrando-se registada no Registo Comercial de Lisboa.<\/p>\n\n\n\n<p>Poder\u00e1 contactar Hoti Hot\u00e9is atrav\u00e9s do seguinte endere\u00e7o de e-mail: dadospessoais@hotihoteis.com atrav\u00e9s do qual atenderemos a qualquer d\u00favida, reclama\u00e7\u00e3o ou sugest\u00e3o relacionada com a utiliza\u00e7\u00e3o do WEBSITE. Caso deseje entrar em contato por via telef\u00f3nica poder\u00e1 faz\u00ea-lo atrav\u00e9s do telefone (+351) 21&nbsp;795 51 71.<\/p>\n\n\n\n<p>Este texto inclui os termos e condi\u00e7\u00f5es que regulam o acesso ao WEBSITE, a utiliza\u00e7\u00e3o dos seus servi\u00e7os e funcionalidades.<\/p>\n\n\n\n<p>A Pol\u00edtica de Privacidade para Clientes e a Pol\u00edtica de Cookies complementam os presentes Termos e Condi\u00e7\u00f5es.<\/p>\n\n\n\n<p>Recomendamos que leia estas informa\u00e7\u00f5es com aten\u00e7\u00e3o e verifique periodicamente o seu conte\u00fado por forma a verificar se foram efetuadas atualiza\u00e7\u00f5es.<\/p>\n\n\n\n<p><strong>CONDI\u00c7\u00d5ES GERAIS DE UTILIZA\u00c7\u00c3O<\/strong><\/p>\n\n\n\n<p>Os presentes Termos e Condi\u00e7\u00f5es de Utiliza\u00e7\u00e3o vinculam a Hoti Hot\u00e9is e o Utilizador, sendo considerado como Utilizador qualquer pessoa singular ou representante de pessoa coletiva que, de forma livre e volunt\u00e1ria, aceda, consulte, utilize ou solicite informa\u00e7\u00f5es sobre os servi\u00e7os prestados pela Hoti Hot\u00e9is, atrav\u00e9s dos meios descritos no WEBSITE.<\/p>\n\n\n\n<p>O acesso (e, se for o caso, envio de informa\u00e7\u00e3o) atrav\u00e9s do WEBSITE implica a ades\u00e3o ao disposto nos presentes Termos e Condi\u00e7\u00f5es de Utiliza\u00e7\u00e3o, sem preju\u00edzo de quaisquer outros termos ou condi\u00e7\u00f5es que venham a ser aplic\u00e1veis e, em particular, outros termos e condi\u00e7\u00f5es de contrato com os quais as partes possam acordar expressamente.<\/p>\n\n\n\n<p><strong>REGISTO DO UTILIZADOR &#8211; INFORMA\u00c7\u00d5ES BANC\u00c1RIAS E FINANCEIRAS<\/strong><\/p>\n\n\n\n<p>O WEBSITE n\u00e3o requer um registo por parte do Utilizador para a sua utiliza\u00e7\u00e3o.<\/p>\n\n\n\n<p>No WEBSITE n\u00e3o s\u00e3o oferecidos quaisquer servi\u00e7os ou facultadas formas de pagamento para a aquisi\u00e7\u00e3o de produtos ou servi\u00e7os.<\/p>\n\n\n\n<p><strong>UTILIZA\u00c7\u00c3O DO WEBSITE<\/strong><\/p>\n\n\n\n<p>A informa\u00e7\u00e3o publicada no WEBSITE \u00e9 gratuita.<\/p>\n\n\n\n<p>A informa\u00e7\u00e3o do WEBSITE tem carater meramente informativo. Hoti Hot\u00e9is n\u00e3o assume responsabilidade de que as informa\u00e7\u00f5es contidas no WEBSITE correspondam \u00e0s expectativas do Utilizador, assim como n\u00e3o assume a responsabilidade pela veracidade, exatid\u00e3o ou completude das informa\u00e7\u00f5es que n\u00e3o sejam da sua autoria ou de quaisquer outras em que seja indicada outra fonte \/ autoria.<\/p>\n\n\n\n<p>O Utilizador aceita expressamente que a utiliza\u00e7\u00e3o do WEBSITE \u00e9 da sua \u00fanica e exclusiva responsabilidade.<\/p>\n\n\n\n<p>Ao navegar e utilizar o WEBSITE, o Utilizador concorda em n\u00e3o realizar qualquer a\u00e7\u00e3o que possa prejudicar a imagem, interesses ou direitos da Hoti Hot\u00e9is ou de terceiros, nem que possam danificar ou inutilizar o WEBSITE, ou que possam impedir o funcionamento normal deste. Assim, o Utilizador concorda em:<\/p>\n\n\n\n<p>1. Realizar uma utiliza\u00e7\u00e3o diligente, correta e l\u00edcita do WEBSITE, respeitando a legisla\u00e7\u00e3o em vigor e, em particular, a legisla\u00e7\u00e3o relativa \u00e0 propriedade intelectual e industrial.<\/p>\n\n\n\n<p>2. Rever periodicamente os presentes Termos e Condi\u00e7\u00f5es de Utiliza\u00e7\u00e3o, verificando as altera\u00e7\u00f5es que a Hoti Hot\u00e9is possa ter implementado.<\/p>\n\n\n\n<p>3. N\u00e3o utilizar o WEBSITE com fins comerciais.<\/p>\n\n\n\n<p>4. N\u00e3o modificar ou tentar modificar o WEBSITE, nem realizar a\u00e7\u00f5es destinadas a copiar ou simular a sua apar\u00eancia ou finalidades.<\/p>\n\n\n\n<p>5. N\u00e3o realizar a\u00e7\u00f5es que impliquem a introdu\u00e7\u00e3o de v\u00edrus inform\u00e1ticos, <em>worms<\/em>, cavalos de Troia ou qualquer outro tipo de c\u00f3digo malicioso com a finalidade de interromper, destruir ou limitar o funcionamento do WEBSITE.<\/p>\n\n\n\n<p>6. N\u00e3o utilizar t\u00e9cnicas de engenharia reversa e \/ ou decifrar, descompilar ou utilizar qualquer outro sistema destinado a conhecer o c\u00f3digo-fonte do Site ou de qualquer elemento protegido por normas de propriedade intelectual.<\/p>\n\n\n\n<p>A Hoti Hot\u00e9is poder\u00e1 atualizar, modificar ou eliminar o conte\u00fado deste WEBSITE ou limitar e \/ ou impedir o acesso ao mesmo a qualquer momento e sem aviso pr\u00e9vio, principalmente quando, no seu entender, houver dificuldades t\u00e9cnicas alheias \u00e0 Hoti Hot\u00e9is que diminuam ou coloquem em causa os n\u00edveis de seguran\u00e7a adotados para o bom funcionamento do referido WEBSITE ou para a prote\u00e7\u00e3o dos dados pessoais do Utilizador.<\/p>\n\n\n\n<p><strong>CONTE\u00daDO DO SITE<\/strong><\/p>\n\n\n\n<p>Os direitos relacionados com a propriedade intelectual e patrimonial de todo o conte\u00fado do WEBSITE, incluindo, mas n\u00e3o se limitando a: design gr\u00e1fico, interface do Utilizador, c\u00f3digos-fonte, textos, gr\u00e1ficos, etc., s\u00e3o propriedade da Hoti Hot\u00e9is ou de qualquer outra entidade controlada ou pertencente ao grupo empresarial desta, e est\u00e3o protegidos pela legisla\u00e7\u00e3o nacional e internacional em vigor. Por este motivo, \u00e9 proibida a reprodu\u00e7\u00e3o parcial ou total de qualquer conte\u00fado deste WEBSITE, bem como qualquer deforma\u00e7\u00e3o, modifica\u00e7\u00e3o, altera\u00e7\u00e3o ou ataque que prejudique os interesses ou a reputa\u00e7\u00e3o da Hoti Hot\u00e9is.<\/p>\n\n\n\n<p>Algum do conte\u00fado apresentado no presente website poder\u00e1 conter imagens, artigos e v\u00eddeos protegidos por direitos de autor, que foram utilizados ao abrigo do Artigo 75\u00ba do Decreto-Lei n.\u00ba 63\/85, de 14 de mar\u00e7o para fins informativos. A Hoti Hot\u00e9is reconhece os direitos de propriedade intelectual dos propriet\u00e1rios originais do material utilizado no presente website e n\u00e3o reivindica a propriedade ou a aprova\u00e7\u00e3o do material apresentado. Todos os direitos de autor pertencem aos respetivos propriet\u00e1rios.<\/p>\n\n\n\n<p>Se \u00e9 propriet\u00e1rio de direitos de autor e acredita que o seu material protegido por direitos de autor foi utilizado neste s\u00edtio Web de uma forma que constitui uma viola\u00e7\u00e3o de direitos de autor, contacte-nos atrav\u00e9s do seguinte email: <a href=\"mailto:dadospessoais@hotihoteis.com\">dadospessoais@hotihoteis.com<\/a>.<\/p>\n\n\n\n<p>Ao utilizar este website, o utilizador concorda em cumprir todas as leis e regulamentos aplic\u00e1veis relativos a direitos de autor e direitos de propriedade intelectual.<\/p>\n\n\n\n<p>A utiliza\u00e7\u00e3o do WEBSITE por parte de qualquer Utilizador n\u00e3o implica a transfer\u00eancia de qualquer direito sobre a propriedade intelectual e \/ ou industrial do conte\u00fado presente e futuro. Qualquer cess\u00e3o de direitos realizada pela Hoti Hot\u00e9is neste WEBSITE dever\u00e1 ser sempre realizada por escrito. Da mesma forma, todas as marcas e nomes comerciais publicados no WEBSITE s\u00e3o propriedade da Hoti Hot\u00e9is ou de uma empresa \/ entidade do seu grupo.<\/p>\n\n\n\n<p><strong>LINKS PARA OUTROS WEBSITES<\/strong><\/p>\n\n\n\n<p>A exist\u00eancia de links no WEBSITE para outras p\u00e1ginas ou outros websites pertencentes a terceiros n\u00e3o acarreta qualquer responsabilidade para a Hoti Hot\u00e9is relativamente ao conte\u00fado, funcionamento ou veracidade das informa\u00e7\u00f5es neles publicadas. O Utilizador reconhece e aceita que a Hoti Hot\u00e9is n\u00e3o controla o conte\u00fado publicado em websites de terceiros, mesmo que o acesso seja realizado a partir do WEBSITE.<\/p>\n\n\n\n<p><strong>GARANTIA<\/strong><\/p>\n\n\n\n<p>Hoti Hot\u00e9is reitera que a utiliza\u00e7\u00e3o do WEBSITE por parte do Utilizador se realiza por sua conta e risco.<\/p>\n\n\n\n<p><strong>RESPONSABILIDADES<\/strong><\/p>\n\n\n\n<p>O WEBSITE funciona atrav\u00e9s de uma rede aberta que est\u00e1 naturalmente exposta a v\u00e1rias amea\u00e7as, o que faz com que nem sempre o Site seja seguro; Por esta raz\u00e3o, o Utilizador \u00e9 respons\u00e1vel por adotar as medidas t\u00e9cnicas adequadas para prevenir de forma razo\u00e1vel essas amea\u00e7as, bem como por ter sistemas atualizados dedicados \u00e0 dete\u00e7\u00e3o de softwares maliciosos.<\/p>\n\n\n\n<p>Hoti Hot\u00e9is n\u00e3o se responsabiliza por danos de qualquer esp\u00e9cie causados ao equipamento inform\u00e1tico do Utilizador por software malicioso como v\u00edrus, trojans ou worms ou qualquer outro tipo de malware.<\/p>\n\n\n\n<p>Hoti Hot\u00e9is n\u00e3o se responsabiliza por quaisquer danos que o Utilizador possa sofrer devido ao uso indevido do WEBSITE ou de conte\u00fado deste.<\/p>\n\n\n\n<p><strong>JURISDI\u00c7\u00c3O<\/strong><\/p>\n\n\n\n<p>Os presentes Termos e Condi\u00e7\u00f5es de Utiliza\u00e7\u00e3o encontram-se sujeitos \u00e0 legisla\u00e7\u00e3o portuguesa em vigor.<\/p>\n\n\n\n<p><strong>\u00daltima atualiza\u00e7\u00e3o: 10 de maio de 2022<\/strong><\/p>\n","protected":false},"excerpt":{"rendered":"<p>TERMOS E CONDI\u00c7\u00d5ES DE UTILIZA\u00c7\u00c3O O website com o endere\u00e7o eletr\u00f3nico https:\/\/www.memoriaexpo98.com (o WEBSITE) foi elaborado pela HOTI ORIENTE...","protected":false},"author":6,"featured_media":0,"parent":0,"menu_order":0,"comment_status":"closed","ping_status":"closed","template":"","meta":{"_eb_attr":"","footnotes":""},"class_list":["post-1837","page","type-page","status-publish","hentry"],"yoast_head":"<!-- This site is optimized with the Yoast SEO plugin v27.3 - https:\/\/yoast.com\/product\/yoast-seo-wordpress\/ -->\n<title>Termos e Condi\u00e7\u00f5es - Memoria Expo 98<\/title>\n<meta name=\"robots\" content=\"index, follow, max-snippet:-1, max-image-preview:large, max-video-preview:-1\" \/>\n<link rel=\"canonical\" href=\"https:\/\/www.melialisboaoriente.com\/memorias-expo\/termos-e-condicoes\/\" \/>\n<meta property=\"og:locale\" content=\"pt_PT\" \/>\n<meta property=\"og:type\" content=\"article\" \/>\n<meta property=\"og:title\" content=\"Termos e Condi\u00e7\u00f5es - Memoria Expo 98\" \/>\n<meta property=\"og:description\" content=\"TERMOS E CONDI\u00c7\u00d5ES DE UTILIZA\u00c7\u00c3O O website com o endere\u00e7o eletr\u00f3nico https:\/\/www.memoriaexpo98.com (o WEBSITE) foi elaborado pela HOTI ORIENTE &#8211; HOT\u00c9IS S.A. (doravante \u201cHoti Hot\u00e9is\u201d), com o fim de dar a conhecer aos utilizadores a hist\u00f3ria da EXPO&#8217;98, Exposi\u00e7\u00e3o Mundial de 1998, ou, oficialmente, Exposi\u00e7\u00e3o Internacional de Lisboa de 1998, o evento mais importante da [&hellip;]\" \/>\n<meta property=\"og:url\" content=\"https:\/\/www.melialisboaoriente.com\/memorias-expo\/termos-e-condicoes\/\" \/>\n<meta property=\"og:site_name\" content=\"Memoria Expo 98\" \/>\n<meta property=\"article:publisher\" content=\"https:\/\/www.facebook.com\/TrypLisboaOriente\" \/>\n<meta property=\"article:modified_time\" content=\"2023-05-18T08:45:42+00:00\" \/>\n<meta property=\"og:image\" content=\"https:\/\/www.melialisboaoriente.com\/memorias-expo\/wp-content\/uploads\/2015\/05\/Mascote_Vitor-Oliveira-Portuguese_eyes-web.jpg\" \/>\n\t<meta property=\"og:image:width\" content=\"1843\" \/>\n\t<meta property=\"og:image:height\" content=\"1235\" \/>\n\t<meta property=\"og:image:type\" content=\"image\/jpeg\" \/>\n<meta name=\"twitter:card\" content=\"summary_large_image\" \/>\n<meta name=\"twitter:label1\" content=\"Tempo estimado de leitura\" \/>\n\t<meta name=\"twitter:data1\" content=\"7 minutos\" \/>\n<script type=\"application\/ld+json\" class=\"yoast-schema-graph\">{\"@context\":\"https:\\\/\\\/schema.org\",\"@graph\":[{\"@type\":\"WebPage\",\"@id\":\"https:\\\/\\\/www.melialisboaoriente.com\\\/memorias-expo\\\/termos-e-condicoes\\\/\",\"url\":\"https:\\\/\\\/www.melialisboaoriente.com\\\/memorias-expo\\\/termos-e-condicoes\\\/\",\"name\":\"Termos e Condi\u00e7\u00f5es - Memoria Expo 98\",\"isPartOf\":{\"@id\":\"https:\\\/\\\/www.melialisboaoriente.com\\\/memorias-expo\\\/#website\"},\"datePublished\":\"2023-05-17T17:05:26+00:00\",\"dateModified\":\"2023-05-18T08:45:42+00:00\",\"breadcrumb\":{\"@id\":\"https:\\\/\\\/www.melialisboaoriente.com\\\/memorias-expo\\\/termos-e-condicoes\\\/#breadcrumb\"},\"inLanguage\":\"pt-PT\",\"potentialAction\":[{\"@type\":\"ReadAction\",\"target\":[\"https:\\\/\\\/www.melialisboaoriente.com\\\/memorias-expo\\\/termos-e-condicoes\\\/\"]}]},{\"@type\":\"BreadcrumbList\",\"@id\":\"https:\\\/\\\/www.melialisboaoriente.com\\\/memorias-expo\\\/termos-e-condicoes\\\/#breadcrumb\",\"itemListElement\":[{\"@type\":\"ListItem\",\"position\":1,\"name\":\"Home\",\"item\":\"https:\\\/\\\/www.melialisboaoriente.com\\\/memorias-expo\\\/\"},{\"@type\":\"ListItem\",\"position\":2,\"name\":\"Termos e Condi\u00e7\u00f5es\"}]},{\"@type\":\"WebSite\",\"@id\":\"https:\\\/\\\/www.melialisboaoriente.com\\\/memorias-expo\\\/#website\",\"url\":\"https:\\\/\\\/www.melialisboaoriente.com\\\/memorias-expo\\\/\",\"name\":\"Memoria Expo 98\",\"description\":\"by Tryp Lisboa Oriente\",\"publisher\":{\"@id\":\"https:\\\/\\\/www.melialisboaoriente.com\\\/memorias-expo\\\/#organization\"},\"potentialAction\":[{\"@type\":\"SearchAction\",\"target\":{\"@type\":\"EntryPoint\",\"urlTemplate\":\"https:\\\/\\\/www.melialisboaoriente.com\\\/memorias-expo\\\/?s={search_term_string}\"},\"query-input\":{\"@type\":\"PropertyValueSpecification\",\"valueRequired\":true,\"valueName\":\"search_term_string\"}}],\"inLanguage\":\"pt-PT\"},{\"@type\":\"Organization\",\"@id\":\"https:\\\/\\\/www.melialisboaoriente.com\\\/memorias-expo\\\/#organization\",\"name\":\"Memoria Expo 98\",\"url\":\"https:\\\/\\\/www.melialisboaoriente.com\\\/memorias-expo\\\/\",\"logo\":{\"@type\":\"ImageObject\",\"inLanguage\":\"pt-PT\",\"@id\":\"https:\\\/\\\/www.melialisboaoriente.com\\\/memorias-expo\\\/#\\\/schema\\\/logo\\\/image\\\/\",\"url\":\"https:\\\/\\\/www.melialisboaoriente.com\\\/memorias-expo\\\/wp-content\\\/uploads\\\/2023\\\/05\\\/logo_site_desktop_melia_lisboa_oriente.png\",\"contentUrl\":\"https:\\\/\\\/www.melialisboaoriente.com\\\/memorias-expo\\\/wp-content\\\/uploads\\\/2023\\\/05\\\/logo_site_desktop_melia_lisboa_oriente.png\",\"width\":193,\"height\":70,\"caption\":\"Memoria Expo 98\"},\"image\":{\"@id\":\"https:\\\/\\\/www.melialisboaoriente.com\\\/memorias-expo\\\/#\\\/schema\\\/logo\\\/image\\\/\"},\"sameAs\":[\"https:\\\/\\\/www.facebook.com\\\/TrypLisboaOriente\"]}]}<\/script>\n<!-- \/ Yoast SEO plugin. -->","yoast_head_json":{"title":"Termos e Condi\u00e7\u00f5es - Memoria Expo 98","robots":{"index":"index","follow":"follow","max-snippet":"max-snippet:-1","max-image-preview":"max-image-preview:large","max-video-preview":"max-video-preview:-1"},"canonical":"https:\/\/www.melialisboaoriente.com\/memorias-expo\/termos-e-condicoes\/","og_locale":"pt_PT","og_type":"article","og_title":"Termos e Condi\u00e7\u00f5es - Memoria Expo 98","og_description":"TERMOS E CONDI\u00c7\u00d5ES DE UTILIZA\u00c7\u00c3O O website com o endere\u00e7o eletr\u00f3nico https:\/\/www.memoriaexpo98.com (o WEBSITE) foi elaborado pela HOTI ORIENTE &#8211; HOT\u00c9IS S.A. (doravante \u201cHoti Hot\u00e9is\u201d), com o fim de dar a conhecer aos utilizadores a hist\u00f3ria da EXPO&#8217;98, Exposi\u00e7\u00e3o Mundial de 1998, ou, oficialmente, Exposi\u00e7\u00e3o Internacional de Lisboa de 1998, o evento mais importante da [&hellip;]","og_url":"https:\/\/www.melialisboaoriente.com\/memorias-expo\/termos-e-condicoes\/","og_site_name":"Memoria Expo 98","article_publisher":"https:\/\/www.facebook.com\/TrypLisboaOriente","article_modified_time":"2023-05-18T08:45:42+00:00","og_image":[{"width":1843,"height":1235,"url":"https:\/\/www.melialisboaoriente.com\/memorias-expo\/wp-content\/uploads\/2015\/05\/Mascote_Vitor-Oliveira-Portuguese_eyes-web.jpg","type":"image\/jpeg"}],"twitter_card":"summary_large_image","twitter_misc":{"Tempo estimado de leitura":"7 minutos"},"schema":{"@context":"https:\/\/schema.org","@graph":[{"@type":"WebPage","@id":"https:\/\/www.melialisboaoriente.com\/memorias-expo\/termos-e-condicoes\/","url":"https:\/\/www.melialisboaoriente.com\/memorias-expo\/termos-e-condicoes\/","name":"Termos e Condi\u00e7\u00f5es - Memoria Expo 98","isPartOf":{"@id":"https:\/\/www.melialisboaoriente.com\/memorias-expo\/#website"},"datePublished":"2023-05-17T17:05:26+00:00","dateModified":"2023-05-18T08:45:42+00:00","breadcrumb":{"@id":"https:\/\/www.melialisboaoriente.com\/memorias-expo\/termos-e-condicoes\/#breadcrumb"},"inLanguage":"pt-PT","potentialAction":[{"@type":"ReadAction","target":["https:\/\/www.melialisboaoriente.com\/memorias-expo\/termos-e-condicoes\/"]}]},{"@type":"BreadcrumbList","@id":"https:\/\/www.melialisboaoriente.com\/memorias-expo\/termos-e-condicoes\/#breadcrumb","itemListElement":[{"@type":"ListItem","position":1,"name":"Home","item":"https:\/\/www.melialisboaoriente.com\/memorias-expo\/"},{"@type":"ListItem","position":2,"name":"Termos e Condi\u00e7\u00f5es"}]},{"@type":"WebSite","@id":"https:\/\/www.melialisboaoriente.com\/memorias-expo\/#website","url":"https:\/\/www.melialisboaoriente.com\/memorias-expo\/","name":"Memoria Expo 98","description":"by Tryp Lisboa Oriente","publisher":{"@id":"https:\/\/www.melialisboaoriente.com\/memorias-expo\/#organization"},"potentialAction":[{"@type":"SearchAction","target":{"@type":"EntryPoint","urlTemplate":"https:\/\/www.melialisboaoriente.com\/memorias-expo\/?s={search_term_string}"},"query-input":{"@type":"PropertyValueSpecification","valueRequired":true,"valueName":"search_term_string"}}],"inLanguage":"pt-PT"},{"@type":"Organization","@id":"https:\/\/www.melialisboaoriente.com\/memorias-expo\/#organization","name":"Memoria Expo 98","url":"https:\/\/www.melialisboaoriente.com\/memorias-expo\/","logo":{"@type":"ImageObject","inLanguage":"pt-PT","@id":"https:\/\/www.melialisboaoriente.com\/memorias-expo\/#\/schema\/logo\/image\/","url":"https:\/\/www.melialisboaoriente.com\/memorias-expo\/wp-content\/uploads\/2023\/05\/logo_site_desktop_melia_lisboa_oriente.png","contentUrl":"https:\/\/www.melialisboaoriente.com\/memorias-expo\/wp-content\/uploads\/2023\/05\/logo_site_desktop_melia_lisboa_oriente.png","width":193,"height":70,"caption":"Memoria Expo 98"},"image":{"@id":"https:\/\/www.melialisboaoriente.com\/memorias-expo\/#\/schema\/logo\/image\/"},"sameAs":["https:\/\/www.facebook.com\/TrypLisboaOriente"]}]}},"_links":{"self":[{"href":"https:\/\/www.melialisboaoriente.com\/memorias-expo\/wp-json\/wp\/v2\/pages\/1837","targetHints":{"allow":["GET"]}}],"collection":[{"href":"https:\/\/www.melialisboaoriente.com\/memorias-expo\/wp-json\/wp\/v2\/pages"}],"about":[{"href":"https:\/\/www.melialisboaoriente.com\/memorias-expo\/wp-json\/wp\/v2\/types\/page"}],"author":[{"embeddable":true,"href":"https:\/\/www.melialisboaoriente.com\/memorias-expo\/wp-json\/wp\/v2\/users\/6"}],"replies":[{"embeddable":true,"href":"https:\/\/www.melialisboaoriente.com\/memorias-expo\/wp-json\/wp\/v2\/comments?post=1837"}],"version-history":[{"count":3,"href":"https:\/\/www.melialisboaoriente.com\/memorias-expo\/wp-json\/wp\/v2\/pages\/1837\/revisions"}],"predecessor-version":[{"id":1861,"href":"https:\/\/www.melialisboaoriente.com\/memorias-expo\/wp-json\/wp\/v2\/pages\/1837\/revisions\/1861"}],"wp:attachment":[{"href":"https:\/\/www.melialisboaoriente.com\/memorias-expo\/wp-json\/wp\/v2\/media?parent=1837"}],"curies":[{"name":"wp","href":"https:\/\/api.w.org\/{rel}","templated":true}]}}